{"id":46,"date":"2025-01-14T21:36:37","date_gmt":"2025-01-14T21:36:37","guid":{"rendered":"https:\/\/ciriloberlim.personallivre.com.br\/?page_id=46"},"modified":"2025-01-14T23:53:28","modified_gmt":"2025-01-14T23:53:28","slug":"sua-nova-operadora-de-telefonia-egreen","status":"publish","type":"page","link":"https:\/\/ciriloberlim.personallivre.com.br\/index.php\/sua-nova-operadora-de-telefonia-egreen\/","title":{"rendered":"Sua Nova Operadora de telefonia Egreen"},"content":{"rendered":"\t\t<div data-elementor-type=\"wp-page\" data-elementor-id=\"46\" class=\"elementor elementor-46\">\n\t\t\t\t<div class=\"elementor-element elementor-element-fa7c91c e-flex e-con-boxed e-con e-parent\" data-id=\"fa7c91c\" data-element_type=\"container\">\n\t\t\t\t\t<div class=\"e-con-inner\">\n\t\t<div class=\"elementor-element elementor-element-cab8616 e-con-full e-flex e-con e-child\" data-id=\"cab8616\" data-element_type=\"container\">\n\t\t\t\t<div class=\"elementor-element elementor-element-eb99c61 elementor-widget elementor-widget-image\" data-id=\"eb99c61\" data-element_type=\"widget\" data-widget_type=\"image.default\">\n\t\t\t\t<div class=\"elementor-widget-container\">\n\t\t\t\t\t\t\t\t\t\t\t\t\t\t\t<img fetchpriority=\"high\" decoding=\"async\" width=\"750\" height=\"750\" src=\"https:\/\/ciriloberlim.personallivre.com.br\/wp-content\/uploads\/2025\/01\/star.png\" class=\"attachment-large size-large wp-image-57\" alt=\"\" srcset=\"https:\/\/ciriloberlim.personallivre.com.br\/wp-content\/uploads\/2025\/01\/star.png 750w, https:\/\/ciriloberlim.personallivre.com.br\/wp-content\/uploads\/2025\/01\/star-300x300.png 300w, https:\/\/ciriloberlim.personallivre.com.br\/wp-content\/uploads\/2025\/01\/star-150x150.png 150w\" sizes=\"(max-width: 750px) 100vw, 750px\" \/>\t\t\t\t\t\t\t\t\t\t\t\t\t\t\t<\/div>\n\t\t\t\t<\/div>\n\t\t\t\t<div class=\"elementor-element elementor-element-9940fbd elementor-widget elementor-widget-button\" data-id=\"9940fbd\" data-element_type=\"widget\" data-widget_type=\"button.default\">\n\t\t\t\t<div class=\"elementor-widget-container\">\n\t\t\t\t\t\t\t\t\t<div class=\"elementor-button-wrapper\">\n\t\t\t\t\t<a class=\"elementor-button elementor-button-link elementor-size-sm\" href=\"https:\/\/wa.me\/5522998090259\">\n\t\t\t\t\t\t<span class=\"elementor-button-content-wrapper\">\n\t\t\t\t\t\t\t\t\t<span class=\"elementor-button-text\">Saber Mais Informa\u00e7\u00f5es<\/span>\n\t\t\t\t\t<\/span>\n\t\t\t\t\t<\/a>\n\t\t\t\t<\/div>\n\t\t\t\t\t\t\t\t<\/div>\n\t\t\t\t<\/div>\n\t\t\t\t<\/div>\n\t\t<div class=\"elementor-element elementor-element-62ca4aa e-con-full e-flex e-con e-child\" data-id=\"62ca4aa\" data-element_type=\"container\">\n\t\t\t\t<div class=\"elementor-element elementor-element-df70ff3 elementor-widget elementor-widget-image\" data-id=\"df70ff3\" data-element_type=\"widget\" data-widget_type=\"image.default\">\n\t\t\t\t<div class=\"elementor-widget-container\">\n\t\t\t\t\t\t\t\t\t\t\t\t\t\t\t<img decoding=\"async\" width=\"750\" height=\"750\" src=\"https:\/\/ciriloberlim.personallivre.com.br\/wp-content\/uploads\/2025\/01\/mega.png\" class=\"attachment-large size-large wp-image-60\" alt=\"\" srcset=\"https:\/\/ciriloberlim.personallivre.com.br\/wp-content\/uploads\/2025\/01\/mega.png 750w, https:\/\/ciriloberlim.personallivre.com.br\/wp-content\/uploads\/2025\/01\/mega-300x300.png 300w, https:\/\/ciriloberlim.personallivre.com.br\/wp-content\/uploads\/2025\/01\/mega-150x150.png 150w\" sizes=\"(max-width: 750px) 100vw, 750px\" \/>\t\t\t\t\t\t\t\t\t\t\t\t\t\t\t<\/div>\n\t\t\t\t<\/div>\n\t\t\t\t<div class=\"elementor-element elementor-element-b846020 elementor-widget elementor-widget-button\" data-id=\"b846020\" data-element_type=\"widget\" data-widget_type=\"button.default\">\n\t\t\t\t<div class=\"elementor-widget-container\">\n\t\t\t\t\t\t\t\t\t<div class=\"elementor-button-wrapper\">\n\t\t\t\t\t<a class=\"elementor-button elementor-button-link elementor-size-sm\" href=\"https:\/\/wa.me\/5522998090259\">\n\t\t\t\t\t\t<span class=\"elementor-button-content-wrapper\">\n\t\t\t\t\t\t\t\t\t<span class=\"elementor-button-text\">Saber Mais Informa\u00e7\u00f5es<\/span>\n\t\t\t\t\t<\/span>\n\t\t\t\t\t<\/a>\n\t\t\t\t<\/div>\n\t\t\t\t\t\t\t\t<\/div>\n\t\t\t\t<\/div>\n\t\t\t\t<\/div>\n\t\t\t\t\t<\/div>\n\t\t\t\t<\/div>\n\t\t<div class=\"elementor-element elementor-element-9a0ebea e-flex e-con-boxed e-con e-parent\" data-id=\"9a0ebea\" data-element_type=\"container\">\n\t\t\t\t\t<div class=\"e-con-inner\">\n\t\t<div class=\"elementor-element elementor-element-a3802fe e-con-full e-flex e-con e-child\" data-id=\"a3802fe\" data-element_type=\"container\">\n\t\t\t\t<div class=\"elementor-element elementor-element-1ffe5e4 elementor-widget elementor-widget-image\" data-id=\"1ffe5e4\" data-element_type=\"widget\" data-widget_type=\"image.default\">\n\t\t\t\t<div class=\"elementor-widget-container\">\n\t\t\t\t\t\t\t\t\t\t\t\t\t\t\t<img decoding=\"async\" width=\"750\" height=\"750\" src=\"https:\/\/ciriloberlim.personallivre.com.br\/wp-content\/uploads\/2025\/01\/giga.png\" class=\"attachment-large size-large wp-image-58\" alt=\"\" srcset=\"https:\/\/ciriloberlim.personallivre.com.br\/wp-content\/uploads\/2025\/01\/giga.png 750w, https:\/\/ciriloberlim.personallivre.com.br\/wp-content\/uploads\/2025\/01\/giga-300x300.png 300w, https:\/\/ciriloberlim.personallivre.com.br\/wp-content\/uploads\/2025\/01\/giga-150x150.png 150w\" sizes=\"(max-width: 750px) 100vw, 750px\" \/>\t\t\t\t\t\t\t\t\t\t\t\t\t\t\t<\/div>\n\t\t\t\t<\/div>\n\t\t\t\t<div class=\"elementor-element elementor-element-7a91c18 elementor-widget elementor-widget-button\" data-id=\"7a91c18\" data-element_type=\"widget\" data-widget_type=\"button.default\">\n\t\t\t\t<div class=\"elementor-widget-container\">\n\t\t\t\t\t\t\t\t\t<div class=\"elementor-button-wrapper\">\n\t\t\t\t\t<a class=\"elementor-button elementor-button-link elementor-size-sm\" href=\"https:\/\/wa.me\/5522998090259\">\n\t\t\t\t\t\t<span class=\"elementor-button-content-wrapper\">\n\t\t\t\t\t\t\t\t\t<span class=\"elementor-button-text\">Saber Mais Informa\u00e7\u00f5es<\/span>\n\t\t\t\t\t<\/span>\n\t\t\t\t\t<\/a>\n\t\t\t\t<\/div>\n\t\t\t\t\t\t\t\t<\/div>\n\t\t\t\t<\/div>\n\t\t\t\t<\/div>\n\t\t<div class=\"elementor-element elementor-element-3e3d32b e-con-full e-flex e-con e-child\" data-id=\"3e3d32b\" data-element_type=\"container\">\n\t\t\t\t<div class=\"elementor-element elementor-element-6eb45e5 elementor-widget elementor-widget-image\" data-id=\"6eb45e5\" data-element_type=\"widget\" data-widget_type=\"image.default\">\n\t\t\t\t<div class=\"elementor-widget-container\">\n\t\t\t\t\t\t\t\t\t\t\t\t\t\t\t<img loading=\"lazy\" decoding=\"async\" width=\"750\" height=\"750\" src=\"https:\/\/ciriloberlim.personallivre.com.br\/wp-content\/uploads\/2025\/01\/ultra.png\" class=\"attachment-large size-large wp-image-61\" alt=\"\" srcset=\"https:\/\/ciriloberlim.personallivre.com.br\/wp-content\/uploads\/2025\/01\/ultra.png 750w, https:\/\/ciriloberlim.personallivre.com.br\/wp-content\/uploads\/2025\/01\/ultra-300x300.png 300w, https:\/\/ciriloberlim.personallivre.com.br\/wp-content\/uploads\/2025\/01\/ultra-150x150.png 150w\" sizes=\"(max-width: 750px) 100vw, 750px\" \/>\t\t\t\t\t\t\t\t\t\t\t\t\t\t\t<\/div>\n\t\t\t\t<\/div>\n\t\t\t\t<div class=\"elementor-element elementor-element-2c4830f elementor-widget elementor-widget-button\" data-id=\"2c4830f\" data-element_type=\"widget\" data-widget_type=\"button.default\">\n\t\t\t\t<div class=\"elementor-widget-container\">\n\t\t\t\t\t\t\t\t\t<div class=\"elementor-button-wrapper\">\n\t\t\t\t\t<a class=\"elementor-button elementor-button-link elementor-size-sm\" href=\"https:\/\/wa.me\/5522998090259\">\n\t\t\t\t\t\t<span class=\"elementor-button-content-wrapper\">\n\t\t\t\t\t\t\t\t\t<span class=\"elementor-button-text\">Saber Mais Informa\u00e7\u00f5es<\/span>\n\t\t\t\t\t<\/span>\n\t\t\t\t\t<\/a>\n\t\t\t\t<\/div>\n\t\t\t\t\t\t\t\t<\/div>\n\t\t\t\t<\/div>\n\t\t\t\t<\/div>\n\t\t\t\t\t<\/div>\n\t\t\t\t<\/div>\n\t\t<div class=\"elementor-element elementor-element-0076cae e-flex e-con-boxed e-con e-parent\" data-id=\"0076cae\" data-element_type=\"container\">\n\t\t\t\t\t<div class=\"e-con-inner\">\n\t\t<div class=\"elementor-element elementor-element-dd11d61 e-con-full e-flex e-con e-child\" data-id=\"dd11d61\" data-element_type=\"container\">\n\t\t\t\t<div class=\"elementor-element elementor-element-1958f58 elementor-widget elementor-widget-image\" data-id=\"1958f58\" data-element_type=\"widget\" data-widget_type=\"image.default\">\n\t\t\t\t<div class=\"elementor-widget-container\">\n\t\t\t\t\t\t\t\t\t\t\t\t\t\t\t<img loading=\"lazy\" decoding=\"async\" width=\"750\" height=\"750\" src=\"https:\/\/ciriloberlim.personallivre.com.br\/wp-content\/uploads\/2025\/01\/infinity.png\" class=\"attachment-large size-large wp-image-59\" alt=\"\" srcset=\"https:\/\/ciriloberlim.personallivre.com.br\/wp-content\/uploads\/2025\/01\/infinity.png 750w, https:\/\/ciriloberlim.personallivre.com.br\/wp-content\/uploads\/2025\/01\/infinity-300x300.png 300w, https:\/\/ciriloberlim.personallivre.com.br\/wp-content\/uploads\/2025\/01\/infinity-150x150.png 150w\" sizes=\"(max-width: 750px) 100vw, 750px\" \/>\t\t\t\t\t\t\t\t\t\t\t\t\t\t\t<\/div>\n\t\t\t\t<\/div>\n\t\t\t\t<div class=\"elementor-element elementor-element-4659030 elementor-widget elementor-widget-button\" data-id=\"4659030\" data-element_type=\"widget\" data-widget_type=\"button.default\">\n\t\t\t\t<div class=\"elementor-widget-container\">\n\t\t\t\t\t\t\t\t\t<div class=\"elementor-button-wrapper\">\n\t\t\t\t\t<a class=\"elementor-button elementor-button-link elementor-size-sm\" href=\"https:\/\/wa.me\/5522998090259\">\n\t\t\t\t\t\t<span class=\"elementor-button-content-wrapper\">\n\t\t\t\t\t\t\t\t\t<span class=\"elementor-button-text\">Saber Mais Informa\u00e7\u00f5es<\/span>\n\t\t\t\t\t<\/span>\n\t\t\t\t\t<\/a>\n\t\t\t\t<\/div>\n\t\t\t\t\t\t\t\t<\/div>\n\t\t\t\t<\/div>\n\t\t\t\t<\/div>\n\t\t<div class=\"elementor-element elementor-element-e4ab7b7 e-con-full e-flex e-con e-child\" data-id=\"e4ab7b7\" data-element_type=\"container\">\n\t\t\t\t<div class=\"elementor-element elementor-element-32a40c8 elementor-widget elementor-widget-text-editor\" data-id=\"32a40c8\" data-element_type=\"widget\" data-widget_type=\"text-editor.default\">\n\t\t\t\t<div class=\"elementor-widget-container\">\n\t\t\t\t\t\t\t\t\t<div class=\"overflow-y-auto data-[top-scroll=true]:[mask-image:linear-gradient(0deg,#000_calc(100%_-_var(--scroll-shadow-size)),transparent)] data-[bottom-scroll=true]:[mask-image:linear-gradient(180deg,#000_calc(100%_-_var(--scroll-shadow-size)),transparent)] data-[top-bottom-scroll=true]:[mask-image:linear-gradient(#000,#000,transparent_0,#000_var(--scroll-shadow-size),#000_calc(100%_-_var(--scroll-shadow-size)),transparent)] h-full\" data-orientation=\"vertical\" data-top-scroll=\"true\" data-bottom-scroll=\"false\"><div class=\"w-full md:max-w-3xl container h-full mx-auto gap-6 px-3 md:px-0 false\"><div class=\"group justify-center gap-6 mx-auto\"><div class=\"card thread grid grid-rows-[1fr_auto] gap-4 items-start\"><div class=\"grid grid-cols-[auto_1fr_auto] gap-4\"><article class=\"text-medium grid gap-1 text-foreground\"><div class=\"prose dark:prose-invert [&amp;&gt;pre]:bg-transparent text-foreground \" style=\"--tw-border-spacing-x: 0; --tw-border-spacing-y: 0; --tw-translate-x: 0; --tw-translate-y: 0; --tw-rotate: 0; --tw-skew-x: 0; --tw-skew-y: 0; --tw-scale-x: 1; --tw-scale-y: 1; --tw-scroll-snap-strictness: proximity; --tw-ring-offset-width: 0px; --tw-ring-offset-color: #fff; --tw-ring-color: rgba(0,111,238,.5); --tw-ring-offset-shadow: 0 0 #0000; --tw-ring-shadow: 0 0 #0000; --tw-shadow: 0 0 #0000; --tw-shadow-colored: 0 0 #0000; box-sizing: border-box; border-image: initial; --tw-border-opacity: 1; color: hsl(var(--nextui-foreground)\/var(--nextui-foreground-opacity,var(--tw-text-opacity))); max-width: 65ch; --tw-prose-body: var(--tw-prose-invert-body); --tw-prose-headings: var(--tw-prose-invert-headings); --tw-prose-lead: var(--tw-prose-invert-lead); --tw-prose-links: var(--tw-prose-invert-links); --tw-prose-bold: var(--tw-prose-invert-bold); --tw-prose-counters: var(--tw-prose-invert-counters); --tw-prose-bullets: var(--tw-prose-invert-bullets); --tw-prose-hr: var(--tw-prose-invert-hr); --tw-prose-quotes: var(--tw-prose-invert-quotes); --tw-prose-quote-borders: var(--tw-prose-invert-quote-borders); --tw-prose-captions: var(--tw-prose-invert-captions); --tw-prose-kbd: var(--tw-prose-invert-kbd); --tw-prose-kbd-shadows: var(--tw-prose-invert-kbd-shadows); --tw-prose-code: var(--tw-prose-invert-code); --tw-prose-pre-code: var(--tw-prose-invert-pre-code); --tw-prose-pre-bg: var(--tw-prose-invert-pre-bg); --tw-prose-th-borders: var(--tw-prose-invert-th-borders); --tw-prose-td-borders: var(--tw-prose-invert-td-borders); --tw-prose-invert-body: #d1d5db; --tw-prose-invert-headings: #fff; --tw-prose-invert-lead: #9ca3af; --tw-prose-invert-links: #fff; --tw-prose-invert-bold: #fff; --tw-prose-invert-counters: #9ca3af; --tw-prose-invert-bullets: #4b5563; --tw-prose-invert-hr: #374151; --tw-prose-invert-quotes: #f3f4f6; --tw-prose-invert-quote-borders: #374151; --tw-prose-invert-captions: #9ca3af; --tw-prose-invert-kbd: #fff; --tw-prose-invert-kbd-shadows: 255 255 255; --tw-prose-invert-code: #fff; --tw-prose-invert-pre-code: #d1d5db; --tw-prose-invert-pre-bg: rgba(0,0,0,.5); --tw-prose-invert-th-borders: #4b5563; --tw-prose-invert-td-borders: #374151; font-size: 1rem; line-height: 1.75; --tw-text-opacity: 1; border: 0px solid hsl(var(--nextui-default-300)\/var(--nextui-default-300-opacity,var(--tw-border-opacity)));\"><p><span style=\"vertical-align: inherit;\"><span style=\"vertical-align: inherit;\">O plano de telefonia da <strong>Igreen Telecon<\/strong> oferece op\u00e7\u00f5es personalizadas para atender \u00e0s necessidades dos clientes. Com pre\u00e7os competitivos e servi\u00e7os de alta qualidade, o plano inclui:<\/span><\/span><\/p><ul><li><span style=\"vertical-align: inherit;\"><span style=\"vertical-align: inherit;\">Minutos ilimitados para liga\u00e7\u00f5es nacionais<\/span><\/span><\/li><li><span style=\"vertical-align: inherit;\"><span style=\"vertical-align: inherit;\">Internet 5G ilimitada<\/span><\/span><\/li><li><span style=\"vertical-align: inherit;\"><span style=\"vertical-align: inherit;\">Mensagens de texto ilimitadas<\/span><\/span><\/li><li><span style=\"vertical-align: inherit;\"><span style=\"vertical-align: inherit;\">Acesso a redes Wi-Fi em todo o pa\u00eds<\/span><\/span><\/li><\/ul><p><span style=\"vertical-align: inherit;\"><span style=\"vertical-align: inherit;\">Al\u00e9m disso, <strong>a Igreen Telecon oferece<\/strong> descontos especiais para clientes que aderirem ao plano voce passa a fazer parte do clube de Beneficio Igreen. Com a Igreen Telecom, voc\u00ea pode desfrutar de uma conex\u00e3o segura e confi\u00e1vel, com suporte t\u00e9cnico 24 horas por dia.<\/span><\/span><\/p><\/div><\/article><\/div><\/div><\/div><\/div><\/div><footer class=\"relative w-full container mx-auto max-w-3xl px-2 sm:px-0 mt-auto \"><form class=\"w-full\" data-hs-cf-bound=\"true\"><div class=\"group flex flex-col data-[hidden=true]:hidden w-full h-full min-h-[5rem] text-foreground dark:text-foreground\" data-slot=\"base\" data-filled=\"true\" data-filled-within=\"true\"><div class=\"relative w-full inline-flex tap-highlight-transparent flex-row items-center px-3 gap-3 border-default-200 data-[hover=true]:border-default-400 group-data-[focus=true]:border-default-foreground h-12 min-h-12 rounded-large !h-auto transition-background !duration-150 transition-colors motion-reduce:transition-none py-2 focus:border-default-500 focus-within:border-default-500 dark:focus:border-default-500 dark:focus-within:border-default-500 border-1 shadow-none\" data-slot=\"input-wrapper\">\u00a0<\/div><\/div><\/form><\/footer>\t\t\t\t\t\t\t\t<\/div>\n\t\t\t\t<\/div>\n\t\t\t\t<div class=\"elementor-element elementor-element-6963460 elementor-widget elementor-widget-button\" data-id=\"6963460\" data-element_type=\"widget\" data-widget_type=\"button.default\">\n\t\t\t\t<div class=\"elementor-widget-container\">\n\t\t\t\t\t\t\t\t\t<div class=\"elementor-button-wrapper\">\n\t\t\t\t\t<a class=\"elementor-button elementor-button-link elementor-size-sm\" href=\"https:\/\/wa.me\/5522998090259\">\n\t\t\t\t\t\t<span class=\"elementor-button-content-wrapper\">\n\t\t\t\t\t\t\t\t\t<span class=\"elementor-button-text\">Saber Mais Informa\u00e7\u00f5es<\/span>\n\t\t\t\t\t<\/span>\n\t\t\t\t\t<\/a>\n\t\t\t\t<\/div>\n\t\t\t\t\t\t\t\t<\/div>\n\t\t\t\t<\/div>\n\t\t\t\t<\/div>\n\t\t\t\t\t<\/div>\n\t\t\t\t<\/div>\n\t\t\t\t<\/div>\n\t\t","protected":false},"excerpt":{"rendered":"<p>Saber Mais Informa\u00e7\u00f5es Saber Mais Informa\u00e7\u00f5es Saber Mais Informa\u00e7\u00f5es Saber Mais Informa\u00e7\u00f5es Saber Mais Informa\u00e7\u00f5es O plano de telefonia da [&hellip;]<\/p>\n","protected":false},"author":1,"featured_media":0,"parent":0,"menu_order":0,"comment_status":"closed","ping_status":"closed","template":"","meta":{"site-sidebar-layout":"no-sidebar","site-content-layout":"","ast-site-content-layout":"full-width-container","site-content-style":"default","site-sidebar-style":"default","ast-global-header-display":"","ast-banner-title-visibility":"","ast-main-header-display":"","ast-hfb-above-header-display":"","ast-hfb-below-header-display":"","ast-hfb-mobile-header-display":"","site-post-title":"disabled","ast-breadcrumbs-content":"","ast-featured-img":"disabled","footer-sml-layout":"","theme-transparent-header-meta":"","adv-header-id-meta":"","stick-header-meta":"","header-above-stick-meta":"","header-main-stick-meta":"","header-below-stick-meta":"","astra-migrate-meta-layouts":"default","ast-page-background-enabled":"default","ast-page-background-meta":{"desktop":{"background-color":"var(--ast-global-color-5)","background-image":"","background-repeat":"repeat","background-position":"center center","background-size":"auto","background-attachment":"scroll","background-type":"","background-media":"","overlay-type":"","overlay-color":"","overlay-opacity":"","overlay-gradient":""},"tablet":{"background-color":"","background-image":"","background-repeat":"repeat","background-position":"center center","background-size":"auto","background-attachment":"scroll","background-type":"","background-media":"","overlay-type":"","overlay-color":"","overlay-opacity":"","overlay-gradient":""},"mobile":{"background-color":"","background-image":"","background-repeat":"repeat","background-position":"center center","background-size":"auto","background-attachment":"scroll","background-type":"","background-media":"","overlay-type":"","overlay-color":"","overlay-opacity":"","overlay-gradient":""}},"ast-content-background-meta":{"desktop":{"background-color":"var(--ast-global-color-4)","background-image":"","background-repeat":"repeat","background-position":"center center","background-size":"auto","background-attachment":"scroll","background-type":"","background-media":"","overlay-type":"","overlay-color":"","overlay-opacity":"","overlay-gradient":""},"tablet":{"background-color":"var(--ast-global-color-4)","background-image":"","background-repeat":"repeat","background-position":"center center","background-size":"auto","background-attachment":"scroll","background-type":"","background-media":"","overlay-type":"","overlay-color":"","overlay-opacity":"","overlay-gradient":""},"mobile":{"background-color":"var(--ast-global-color-4)","background-image":"","background-repeat":"repeat","background-position":"center center","background-size":"auto","background-attachment":"scroll","background-type":"","background-media":"","overlay-type":"","overlay-color":"","overlay-opacity":"","overlay-gradient":""}},"footnotes":""},"class_list":["post-46","page","type-page","status-publish","hentry"],"_links":{"self":[{"href":"https:\/\/ciriloberlim.personallivre.com.br\/index.php\/wp-json\/wp\/v2\/pages\/46","targetHints":{"allow":["GET"]}}],"collection":[{"href":"https:\/\/ciriloberlim.personallivre.com.br\/index.php\/wp-json\/wp\/v2\/pages"}],"about":[{"href":"https:\/\/ciriloberlim.personallivre.com.br\/index.php\/wp-json\/wp\/v2\/types\/page"}],"author":[{"embeddable":true,"href":"https:\/\/ciriloberlim.personallivre.com.br\/index.php\/wp-json\/wp\/v2\/users\/1"}],"replies":[{"embeddable":true,"href":"https:\/\/ciriloberlim.personallivre.com.br\/index.php\/wp-json\/wp\/v2\/comments?post=46"}],"version-history":[{"count":7,"href":"https:\/\/ciriloberlim.personallivre.com.br\/index.php\/wp-json\/wp\/v2\/pages\/46\/revisions"}],"predecessor-version":[{"id":84,"href":"https:\/\/ciriloberlim.personallivre.com.br\/index.php\/wp-json\/wp\/v2\/pages\/46\/revisions\/84"}],"wp:attachment":[{"href":"https:\/\/ciriloberlim.personallivre.com.br\/index.php\/wp-json\/wp\/v2\/media?parent=46"}],"curies":[{"name":"wp","href":"https:\/\/api.w.org\/{rel}","templated":true}]}}